
{"id":179,"date":"2020-08-17T10:36:46","date_gmt":"2020-08-17T08:36:46","guid":{"rendered":"https:\/\/przedszkole96.edu.wroclaw.pl\/?page_id=179"},"modified":"2025-06-12T13:19:36","modified_gmt":"2025-06-12T11:19:36","slug":"rodo-2","status":"publish","type":"page","link":"https:\/\/przedszkole96.edu.wroclaw.pl\/index.php\/rodo-2\/","title":{"rendered":"RODO"},"content":{"rendered":"\r\n<p>Administratorem danych jest Przedszkole nr 96 we Wroc\u0142awiu \u201ePod Weso\u0142ym S\u0142onkiem\u201d, Al. Pracy 29A, 53-232 Wroc\u0142aw. Kontakt do naszego inspektora ochrony danych: Tomasz Grzybowski ,\u00a0 tomasz.grzybowski@coreconsulting.pl lub <strong>CORE Consulting sp. z o.o., ul. Stary Rynek 80\/82, 61-772 Pozna\u0144<\/strong>. Szczeg\u00f3\u0142owe informacje o regu\u0142ach przetwarzania danych zwi\u0105zanych z prowadzon\u0105 korespondencj\u0119 e-mail znajdziesz na\u00a0<a href=\"http:\/\/przedszkole96.edu.wroclaw.pl\/\" target=\"_blank\" rel=\"noreferrer noopener\">przedszkole96.edu.wroclaw.pl<\/a><\/p>\r\n<p>&nbsp;<\/p>\r\n\r\n\r\n\r\n<div class=\"wp-block-file\"><a href=\"https:\/\/przedszkole96.edu.wroclaw.pl\/wp-content\/uploads\/sites\/44\/2023\/03\/Zal.-7e.-Klauzula-strona-www-1.docx\">Za\u0142. 7e. Klauzula &#8211; strona www<\/a><\/div>\r\n<div class=\"wp-block-file\"><a href=\"https:\/\/przedszkole96.edu.wroclaw.pl\/wp-content\/uploads\/sites\/44\/2023\/03\/Zal.-7.-Klauzula-zlozenie-pisma-w-placowce.docx\">Za\u0142. 7. Klauzula &#8211; z\u0142o\u017cenie pisma w plac\u00f3wce<\/a><\/div>\r\n<div><a href=\"https:\/\/przedszkole96.edu.wroclaw.pl\/wp-content\/uploads\/sites\/44\/2023\/03\/Zal.-7b.-Klauzula-postepowanie-administracyjne.docx\">Za\u0142. 7b. Klauzula post\u0119powanie administracyjne<\/a><\/div>\r\n\r\n\r\n\r\n<div class=\"wp-block-file\"><a href=\"https:\/\/przedszkole96.edu.wroclaw.pl\/wp-content\/uploads\/sites\/44\/2023\/03\/Zal.-7n.-Klauzula-edukacja-dziecka-w-placowce.docx\">Za\u0142. 7n. Klauzula &#8211; edukacja dziecka w plac\u00f3wce<\/a><\/div>\r\n<div class=\"wp-block-file\"><a href=\"https:\/\/przedszkole96.edu.wroclaw.pl\/wp-content\/uploads\/sites\/44\/2023\/03\/Zal.-7l.-Klauzula-pracownik-nauczyciel.docx\">Za\u0142. 7l. Klauzula &#8211; pracownik &#8211; nauczyciel<\/a><\/div>\r\n<div class=\"wp-block-file\"><a href=\"https:\/\/przedszkole96.edu.wroclaw.pl\/wp-content\/uploads\/sites\/44\/2023\/03\/Zal.-7k.-Klauzula-rekrutacja-pracownika.docx\">Za\u0142.7k. Klauzula &#8211; rekrutacja pracownika<\/a><\/div>\r\n<div class=\"wp-block-file\"><a href=\"https:\/\/przedszkole96.edu.wroclaw.pl\/wp-content\/uploads\/sites\/44\/2023\/03\/Zal.-7f.-Klauzula-umowa.docx\">Za\u0142. 7f. Klauzula &#8211; umowa<\/a><\/div>\r\n<div class=\"wp-block-file\"><a href=\"https:\/\/przedszkole96.edu.wroclaw.pl\/wp-content\/uploads\/sites\/44\/2023\/03\/Zal.-7c.-Klauzula-korespondencja-elektroniczna.docx\">Za\u0142. 7c. Klauzula &#8211; korespondencja elektroniczna<\/a><\/div>\r\n<div class=\"wp-block-file\"><a href=\"https:\/\/przedszkole96.edu.wroclaw.pl\/wp-content\/uploads\/sites\/44\/2023\/03\/Zal.-7x.-Klauzula-dla-osob-upowaznionych-do-odbioru-dziecka-z-przedszkola.docx\">Za\u0142. 7x. Klauzula &#8211; dla os\u00f3b upowa\u017cnionych do odbioru dziecka z przedszkola<\/a><\/div>\r\n<div class=\"wp-block-file\"><a href=\"https:\/\/przedszkole96.edu.wroclaw.pl\/wp-content\/uploads\/sites\/44\/2023\/03\/Zal.-7m.-Klauzula-pracownik-samorzadowy.docx\">Za\u0142. 7m. Klauzula &#8211; pracownik samorz\u0105dowy<\/a><\/div>\r\n\r\n\r\n\r\n<div class=\"wp-block-file\">\u00a0<\/div>\r\n\r\n\r\n\r\n<div class=\"wp-block-file\">\u00a0<\/div>\r\n\r\n\r\n\r\n<div class=\"wp-block-file\">\u00a0<\/div>\r\n","protected":false},"excerpt":{"rendered":"<p>Administratorem danych jest Przedszkole nr 96 we Wroc\u0142awiu \u201ePod Weso\u0142ym S\u0142onkiem\u201d, Al. Pracy 29A, 53-232 Wroc\u0142aw. Kontakt do naszego inspektora ochrony danych: Tomasz Grzybowski ,\u00a0 tomasz.grzybowski@coreconsulting.pl lub CORE Consulting sp. [&hellip;]<\/p>\n","protected":false},"author":15,"featured_media":0,"parent":0,"menu_order":0,"comment_status":"closed","ping_status":"closed","template":"","meta":{"ngg_post_thumbnail":0,"footnotes":""},"class_list":["post-179","page","type-page","status-publish","hentry","clearfix"],"_links":{"self":[{"href":"https:\/\/przedszkole96.edu.wroclaw.pl\/index.php\/wp-json\/wp\/v2\/pages\/179","targetHints":{"allow":["GET"]}}],"collection":[{"href":"https:\/\/przedszkole96.edu.wroclaw.pl\/index.php\/wp-json\/wp\/v2\/pages"}],"about":[{"href":"https:\/\/przedszkole96.edu.wroclaw.pl\/index.php\/wp-json\/wp\/v2\/types\/page"}],"author":[{"embeddable":true,"href":"https:\/\/przedszkole96.edu.wroclaw.pl\/index.php\/wp-json\/wp\/v2\/users\/15"}],"replies":[{"embeddable":true,"href":"https:\/\/przedszkole96.edu.wroclaw.pl\/index.php\/wp-json\/wp\/v2\/comments?post=179"}],"version-history":[{"count":13,"href":"https:\/\/przedszkole96.edu.wroclaw.pl\/index.php\/wp-json\/wp\/v2\/pages\/179\/revisions"}],"predecessor-version":[{"id":5162,"href":"https:\/\/przedszkole96.edu.wroclaw.pl\/index.php\/wp-json\/wp\/v2\/pages\/179\/revisions\/5162"}],"wp:attachment":[{"href":"https:\/\/przedszkole96.edu.wroclaw.pl\/index.php\/wp-json\/wp\/v2\/media?parent=179"}],"curies":[{"name":"wp","href":"https:\/\/api.w.org\/{rel}","templated":true}]}}