
{"id":203,"date":"2020-08-17T10:51:21","date_gmt":"2020-08-17T08:51:21","guid":{"rendered":"https:\/\/przedszkole96.edu.wroclaw.pl\/?page_id=203"},"modified":"2026-04-21T12:37:05","modified_gmt":"2026-04-21T10:37:05","slug":"jadlospis","status":"publish","type":"page","link":"https:\/\/przedszkole96.edu.wroclaw.pl\/index.php\/dla-rodzicow\/jadlospis\/","title":{"rendered":"Jad\u0142ospis"},"content":{"rendered":"<p>Wydawanie posi\u0142k\u00f3w:<\/p>\n<p>8.30- I \u015bniadanie<\/p>\n<p>11.00- zupa + deser<\/p>\n<p>13.30- II danie<\/p>\n<p>Woda jest og\u00f3lnie dost\u0119pna w ka\u017cdej sali .<\/p>\n<p><span style=\"font-family: arial, helvetica, sans-serif\">Jad\u0142ospis na tydzie\u0144 <a href=\"https:\/\/przedszkole96.edu.wroclaw.pl\/wp-content\/uploads\/sites\/44\/2026\/04\/20.04.2026-24.04.2026-1.docx\">20.04.2026 &#8211; 24.04.2026<\/a><\/span><\/p>\n","protected":false},"excerpt":{"rendered":"<p>Wydawanie posi\u0142k\u00f3w: 8.30- I \u015bniadanie 11.00- zupa + deser 13.30- II danie Woda jest og\u00f3lnie dost\u0119pna w ka\u017cdej sali . Jad\u0142ospis na tydzie\u0144 20.04.2026 &#8211; 24.04.2026<\/p>\n","protected":false},"author":15,"featured_media":0,"parent":175,"menu_order":0,"comment_status":"closed","ping_status":"closed","template":"","meta":{"ngg_post_thumbnail":0,"footnotes":""},"class_list":["post-203","page","type-page","status-publish","hentry","clearfix"],"_links":{"self":[{"href":"https:\/\/przedszkole96.edu.wroclaw.pl\/index.php\/wp-json\/wp\/v2\/pages\/203","targetHints":{"allow":["GET"]}}],"collection":[{"href":"https:\/\/przedszkole96.edu.wroclaw.pl\/index.php\/wp-json\/wp\/v2\/pages"}],"about":[{"href":"https:\/\/przedszkole96.edu.wroclaw.pl\/index.php\/wp-json\/wp\/v2\/types\/page"}],"author":[{"embeddable":true,"href":"https:\/\/przedszkole96.edu.wroclaw.pl\/index.php\/wp-json\/wp\/v2\/users\/15"}],"replies":[{"embeddable":true,"href":"https:\/\/przedszkole96.edu.wroclaw.pl\/index.php\/wp-json\/wp\/v2\/comments?post=203"}],"version-history":[{"count":192,"href":"https:\/\/przedszkole96.edu.wroclaw.pl\/index.php\/wp-json\/wp\/v2\/pages\/203\/revisions"}],"predecessor-version":[{"id":7017,"href":"https:\/\/przedszkole96.edu.wroclaw.pl\/index.php\/wp-json\/wp\/v2\/pages\/203\/revisions\/7017"}],"up":[{"embeddable":true,"href":"https:\/\/przedszkole96.edu.wroclaw.pl\/index.php\/wp-json\/wp\/v2\/pages\/175"}],"wp:attachment":[{"href":"https:\/\/przedszkole96.edu.wroclaw.pl\/index.php\/wp-json\/wp\/v2\/media?parent=203"}],"curies":[{"name":"wp","href":"https:\/\/api.w.org\/{rel}","templated":true}]}}