
{"id":205,"date":"2020-08-17T10:51:43","date_gmt":"2020-08-17T08:51:43","guid":{"rendered":"https:\/\/przedszkole96.edu.wroclaw.pl\/?page_id=205"},"modified":"2025-03-03T09:50:34","modified_gmt":"2025-03-03T08:50:34","slug":"dokumenty-do-pobrania","status":"publish","type":"page","link":"https:\/\/przedszkole96.edu.wroclaw.pl\/index.php\/dla-rodzicow\/dokumenty-do-pobrania\/","title":{"rendered":"Dokumenty do pobrania"},"content":{"rendered":"<p><span style=\"font-family: arial, helvetica, sans-serif\">Zgoda na publikowanie wizerunku dziecka <a href=\"https:\/\/przedszkole96.edu.wroclaw.pl\/wp-content\/uploads\/sites\/44\/2024\/08\/Zal.-8.-Zgoda-na-wizerunek-na-www.docx\">Za\u0142. 8. Zgoda na wizerunek na www<\/a><\/span><\/p>\n<p><span style=\"font-family: arial, helvetica, sans-serif\">Zgoda na udzia\u0142 w zaj\u0119ciach z religii <a href=\"https:\/\/przedszkole96.edu.wroclaw.pl\/wp-content\/uploads\/sites\/44\/2024\/08\/Zal.-8a.-Zgoda-na-udzial-w-lekcjach-religii.docx\">Za\u0142. 8a. Zgoda na udzia\u0142 w lekcjach religii<\/a><\/span><\/p>\n<p>Upowa\u017cnienie do odbioru dziecka <a href=\"https:\/\/przedszkole96.edu.wroclaw.pl\/wp-content\/uploads\/sites\/44\/2024\/08\/Zal.-9.-Karta-do-odbioru-dziecka-z-przedszkola.docx\">Za\u0142. 9. Karta do odbioru dziecka z przedszkola\u00a0<\/a><\/p>\n<p>DEKLARACJA potwierdzaj\u0105ca wol\u0119 kontynuacji korzystania z Przedszkola nr96&#8243;Pod weso\u0142ym s\u0142onkiem&#8221; w roku szkolnym 2025\/2026<\/p>\n<p><a href=\"https:\/\/przedszkole96.edu.wroclaw.pl\/wp-content\/uploads\/sites\/44\/2025\/03\/KONTYNUACJA-P.docx\">KONTYNUACJA &#8211; P<\/a><\/p>\n","protected":false},"excerpt":{"rendered":"<p>Zgoda na publikowanie wizerunku dziecka Za\u0142. 8. Zgoda na wizerunek na www Zgoda na udzia\u0142 w zaj\u0119ciach z religii Za\u0142. 8a. Zgoda na udzia\u0142 w lekcjach religii Upowa\u017cnienie do odbioru [&hellip;]<\/p>\n","protected":false},"author":15,"featured_media":0,"parent":175,"menu_order":0,"comment_status":"closed","ping_status":"closed","template":"","meta":{"ngg_post_thumbnail":0,"footnotes":""},"class_list":["post-205","page","type-page","status-publish","hentry","clearfix"],"_links":{"self":[{"href":"https:\/\/przedszkole96.edu.wroclaw.pl\/index.php\/wp-json\/wp\/v2\/pages\/205","targetHints":{"allow":["GET"]}}],"collection":[{"href":"https:\/\/przedszkole96.edu.wroclaw.pl\/index.php\/wp-json\/wp\/v2\/pages"}],"about":[{"href":"https:\/\/przedszkole96.edu.wroclaw.pl\/index.php\/wp-json\/wp\/v2\/types\/page"}],"author":[{"embeddable":true,"href":"https:\/\/przedszkole96.edu.wroclaw.pl\/index.php\/wp-json\/wp\/v2\/users\/15"}],"replies":[{"embeddable":true,"href":"https:\/\/przedszkole96.edu.wroclaw.pl\/index.php\/wp-json\/wp\/v2\/comments?post=205"}],"version-history":[{"count":7,"href":"https:\/\/przedszkole96.edu.wroclaw.pl\/index.php\/wp-json\/wp\/v2\/pages\/205\/revisions"}],"predecessor-version":[{"id":4564,"href":"https:\/\/przedszkole96.edu.wroclaw.pl\/index.php\/wp-json\/wp\/v2\/pages\/205\/revisions\/4564"}],"up":[{"embeddable":true,"href":"https:\/\/przedszkole96.edu.wroclaw.pl\/index.php\/wp-json\/wp\/v2\/pages\/175"}],"wp:attachment":[{"href":"https:\/\/przedszkole96.edu.wroclaw.pl\/index.php\/wp-json\/wp\/v2\/media?parent=205"}],"curies":[{"name":"wp","href":"https:\/\/api.w.org\/{rel}","templated":true}]}}