
{"id":4487,"date":"2025-02-07T09:58:26","date_gmt":"2025-02-07T08:58:26","guid":{"rendered":"https:\/\/przedszkole96.edu.wroclaw.pl\/?page_id=4487"},"modified":"2026-01-29T11:10:59","modified_gmt":"2026-01-29T10:10:59","slug":"rekrutacja-3","status":"publish","type":"page","link":"https:\/\/przedszkole96.edu.wroclaw.pl\/index.php\/rekrutacja-3\/","title":{"rendered":"Rekrutacja"},"content":{"rendered":"<p>&nbsp;<\/p>\n<p>&nbsp;<\/p>\n<p>&nbsp;<\/p>\n<p><img loading=\"lazy\" decoding=\"async\" class=\"alignnone size-medium wp-image-4444\" src=\"https:\/\/przedszkole96.edu.wroclaw.pl\/wp-content\/uploads\/sites\/44\/2025\/01\/rekrutacjax-300x165.jpg\" alt=\"\" width=\"300\" height=\"165\" srcset=\"https:\/\/przedszkole96.edu.wroclaw.pl\/wp-content\/uploads\/sites\/44\/2025\/01\/rekrutacjax-300x165.jpg 300w, https:\/\/przedszkole96.edu.wroclaw.pl\/wp-content\/uploads\/sites\/44\/2025\/01\/rekrutacjax-768x424.jpg 768w, https:\/\/przedszkole96.edu.wroclaw.pl\/wp-content\/uploads\/sites\/44\/2025\/01\/rekrutacjax.jpg 883w\" sizes=\"auto, (max-width: 300px) 100vw, 300px\" \/><\/p>\n<p>Szanowni rodzice, opiekunowie prawni.<\/p>\n<p>Wa\u017cne informacje dotycz\u0105ce rekrutacji do przedszkoli na rok szkolny 2026\/2027 .<\/p>\n<p>Materia\u0142y dotycz\u0105ce rekrutacji do przedszkoli\u00a0 zostan\u0105 r\u00f3wnie\u017c opublikowane na stronie elektronicznego systemu rekrutacji<strong>&#8211; rekrutacje.edu.wroclaw.pl<\/strong><\/p>\n<p><a href=\"https:\/\/przedszkole96.edu.wroclaw.pl\/wp-content\/uploads\/sites\/44\/2026\/01\/BIULETYN-INFORMACYJNY.pdf\">BIULETYN INFORMACYJNY<\/a><\/p>\n<p><img loading=\"lazy\" decoding=\"async\" class=\"alignnone size-medium wp-image-6500\" src=\"https:\/\/przedszkole96.edu.wroclaw.pl\/wp-content\/uploads\/sites\/44\/2026\/01\/BIULETYN-STR-2-3-300x182.jpg\" alt=\"\" width=\"300\" height=\"182\" srcset=\"https:\/\/przedszkole96.edu.wroclaw.pl\/wp-content\/uploads\/sites\/44\/2026\/01\/BIULETYN-STR-2-3-300x182.jpg 300w, https:\/\/przedszkole96.edu.wroclaw.pl\/wp-content\/uploads\/sites\/44\/2026\/01\/BIULETYN-STR-2-3-1024x620.jpg 1024w, https:\/\/przedszkole96.edu.wroclaw.pl\/wp-content\/uploads\/sites\/44\/2026\/01\/BIULETYN-STR-2-3-768x465.jpg 768w, https:\/\/przedszkole96.edu.wroclaw.pl\/wp-content\/uploads\/sites\/44\/2026\/01\/BIULETYN-STR-2-3-1536x930.jpg 1536w, https:\/\/przedszkole96.edu.wroclaw.pl\/wp-content\/uploads\/sites\/44\/2026\/01\/BIULETYN-STR-2-3-2048x1240.jpg 2048w\" sizes=\"auto, (max-width: 300px) 100vw, 300px\" \/><\/p>\n<p><a href=\"https:\/\/przedszkole96.edu.wroclaw.pl\/wp-content\/uploads\/sites\/44\/2026\/01\/HARMONOGRAM-DLA-RODZICOW-ETAP-PODSTAWOWY.docx\">HARMONOGRAM DLA RODZIC\u00d3W &#8211; ETAP PODSTAWOWY<\/a><\/p>\n<p><a href=\"https:\/\/przedszkole96.edu.wroclaw.pl\/wp-content\/uploads\/sites\/44\/2026\/01\/DZIECI-O-SPECJALNYCH-POTRZEBACH.docx\">DZIECI O SPECJALNYCH POTRZEBACH<\/a><\/p>\n<p><a href=\"https:\/\/przedszkole96.edu.wroclaw.pl\/wp-content\/uploads\/sites\/44\/2026\/01\/HARMONOGRAM-DLA-RODZICOW-ETAP-UZUPELNIAJACY.docx\">HARMONOGRAM DLA RODZIC\u00d3W &#8211; ETAP UZUPE\u0141NIAJ\u0104CY<\/a><\/p>\n<p><a href=\"https:\/\/przedszkole96.edu.wroclaw.pl\/wp-content\/uploads\/sites\/44\/2026\/01\/INFORMACJE-OGOLNE.docx\">INFORMACJE OG\u00d3LNE<\/a><\/p>\n<p><a href=\"https:\/\/przedszkole96.edu.wroclaw.pl\/wp-content\/uploads\/sites\/44\/2026\/01\/SAMOTNE-WYCHOWANIE.docx\">SAMOTNE WYCHOWANIE<\/a><\/p>\n<p><a href=\"https:\/\/przedszkole96.edu.wroclaw.pl\/wp-content\/uploads\/sites\/44\/2026\/01\/UDZIAL-W-REKRUTACJI.docx\">UDZIA\u0141 W REKRUTACJI<\/a><\/p>\n","protected":false},"excerpt":{"rendered":"<p>&nbsp; &nbsp; &nbsp; Szanowni rodzice, opiekunowie prawni. Wa\u017cne informacje dotycz\u0105ce rekrutacji do przedszkoli na rok szkolny 2026\/2027 . Materia\u0142y dotycz\u0105ce rekrutacji do przedszkoli\u00a0 zostan\u0105 r\u00f3wnie\u017c opublikowane na stronie elektronicznego systemu [&hellip;]<\/p>\n","protected":false},"author":72,"featured_media":0,"parent":0,"menu_order":0,"comment_status":"closed","ping_status":"closed","template":"","meta":{"ngg_post_thumbnail":0,"footnotes":""},"class_list":["post-4487","page","type-page","status-publish","hentry","clearfix"],"_links":{"self":[{"href":"https:\/\/przedszkole96.edu.wroclaw.pl\/index.php\/wp-json\/wp\/v2\/pages\/4487","targetHints":{"allow":["GET"]}}],"collection":[{"href":"https:\/\/przedszkole96.edu.wroclaw.pl\/index.php\/wp-json\/wp\/v2\/pages"}],"about":[{"href":"https:\/\/przedszkole96.edu.wroclaw.pl\/index.php\/wp-json\/wp\/v2\/types\/page"}],"author":[{"embeddable":true,"href":"https:\/\/przedszkole96.edu.wroclaw.pl\/index.php\/wp-json\/wp\/v2\/users\/72"}],"replies":[{"embeddable":true,"href":"https:\/\/przedszkole96.edu.wroclaw.pl\/index.php\/wp-json\/wp\/v2\/comments?post=4487"}],"version-history":[{"count":11,"href":"https:\/\/przedszkole96.edu.wroclaw.pl\/index.php\/wp-json\/wp\/v2\/pages\/4487\/revisions"}],"predecessor-version":[{"id":6509,"href":"https:\/\/przedszkole96.edu.wroclaw.pl\/index.php\/wp-json\/wp\/v2\/pages\/4487\/revisions\/6509"}],"wp:attachment":[{"href":"https:\/\/przedszkole96.edu.wroclaw.pl\/index.php\/wp-json\/wp\/v2\/media?parent=4487"}],"curies":[{"name":"wp","href":"https:\/\/api.w.org\/{rel}","templated":true}]}}