
{"id":6549,"date":"2026-02-04T10:30:36","date_gmt":"2026-02-04T09:30:36","guid":{"rendered":"https:\/\/przedszkole96.edu.wroclaw.pl\/?page_id=6549"},"modified":"2026-02-04T12:17:43","modified_gmt":"2026-02-04T11:17:43","slug":"ksef","status":"publish","type":"page","link":"https:\/\/przedszkole96.edu.wroclaw.pl\/index.php\/ksef\/","title":{"rendered":"KSeF"},"content":{"rendered":"<p data-end=\"1464\" data-start=\"1374\"><strong data-end=\"1464\" data-start=\"1374\">KSeF \u2013 wystawianie faktur dla Przedszkola nr 96 \u201ePod weso\u0142ym s\u0142onkiem\u201d we Wroc\u0142awiu<\/strong><\/p>\n<p data-end=\"1660\" data-start=\"1466\">W zwi\u0105zku z wej\u015bciem w \u017cycie obowi\u0105zku otrzymywania faktur za po\u015brednictwem Krajowego Systemu e-Faktur (KSeF), prosimy o wystawianie faktur za \u015bwiadczone us\u0142ugi lub dostawy w nast\u0119puj\u0105cy spos\u00f3b.<\/p>\n<p data-end=\"1660\" data-start=\"1466\">\n<p data-end=\"1660\" data-start=\"1466\"><u><strong>Nabywca:<\/strong><\/u><br \/>\nGmina Wroc\u0142aw, NIP 897 13 83 551<br \/>\nplac Nowy Targ 1-8, 50-141 Wroc\u0142aw<\/p>\n<p data-end=\"1660\" data-start=\"1466\">\n<p><u><strong>Odbiorca:<\/strong><\/u><br \/>\n<em>Przedszkole nr 96,,Pod weso\u0142ym s\u0142onkiem&#8221;<br \/>\nul. Al.Pracy 29 a, 53-232 Wroc\u0142aw, NIP: 8942567751<br \/>\n<\/em><\/p>\n<p>&nbsp;<\/p>\n<p>Je\u017celi faktura zostanie wystawiona w powy\u017cszy spos\u00f3b (tj. zawiera\u0107 b\u0119dzie dwa numery NIP: Gminy Wroc\u0142aw oraz jednostki), faktura trafi z KSeF bezpo\u015brednio do w\u0142a\u015bciwej jednostki.<br data-end=\"2091\" data-start=\"2088\" \/>Brak numeru NIP jednostki na fakturze mo\u017ce utrudni\u0107 i wyd\u0142u\u017cy\u0107 proces jej przydzielenia do odpowiedniej jednostki.<\/p>\n<p>&nbsp;<\/p>\n","protected":false},"excerpt":{"rendered":"<p>KSeF \u2013 wystawianie faktur dla Przedszkola nr 96 \u201ePod weso\u0142ym s\u0142onkiem\u201d we Wroc\u0142awiu W zwi\u0105zku z wej\u015bciem w \u017cycie obowi\u0105zku otrzymywania faktur za po\u015brednictwem Krajowego Systemu e-Faktur (KSeF), prosimy o [&hellip;]<\/p>\n","protected":false},"author":7,"featured_media":0,"parent":0,"menu_order":0,"comment_status":"closed","ping_status":"closed","template":"","meta":{"ngg_post_thumbnail":0,"footnotes":""},"class_list":["post-6549","page","type-page","status-publish","hentry","clearfix"],"_links":{"self":[{"href":"https:\/\/przedszkole96.edu.wroclaw.pl\/index.php\/wp-json\/wp\/v2\/pages\/6549","targetHints":{"allow":["GET"]}}],"collection":[{"href":"https:\/\/przedszkole96.edu.wroclaw.pl\/index.php\/wp-json\/wp\/v2\/pages"}],"about":[{"href":"https:\/\/przedszkole96.edu.wroclaw.pl\/index.php\/wp-json\/wp\/v2\/types\/page"}],"author":[{"embeddable":true,"href":"https:\/\/przedszkole96.edu.wroclaw.pl\/index.php\/wp-json\/wp\/v2\/users\/7"}],"replies":[{"embeddable":true,"href":"https:\/\/przedszkole96.edu.wroclaw.pl\/index.php\/wp-json\/wp\/v2\/comments?post=6549"}],"version-history":[{"count":3,"href":"https:\/\/przedszkole96.edu.wroclaw.pl\/index.php\/wp-json\/wp\/v2\/pages\/6549\/revisions"}],"predecessor-version":[{"id":6557,"href":"https:\/\/przedszkole96.edu.wroclaw.pl\/index.php\/wp-json\/wp\/v2\/pages\/6549\/revisions\/6557"}],"wp:attachment":[{"href":"https:\/\/przedszkole96.edu.wroclaw.pl\/index.php\/wp-json\/wp\/v2\/media?parent=6549"}],"curies":[{"name":"wp","href":"https:\/\/api.w.org\/{rel}","templated":true}]}}